{"id":13773,"date":"2020-02-24T14:52:51","date_gmt":"2020-02-24T14:52:51","guid":{"rendered":"http:\/\/ninzio.com\/agrikole\/?page_id=13773"},"modified":"2022-10-26T16:21:25","modified_gmt":"2022-10-26T13:21:25","slug":"home-05","status":"publish","type":"page","link":"https:\/\/acaragro.com.tr\/","title":{"rendered":"Home 05"},"content":{"rendered":"<p>[vc_row][vc_column]\n\t\t\t<!-- START Slider 04 REVOLUTION SLIDER 6.5.31 --><p class=\"rs-p-wp-fix\"><\/p>\n\t\t\t<rs-module-wrap id=\"rev_slider_2_1_wrapper\" data-source=\"gallery\" style=\"visibility:hidden;background:transparent;padding:0;margin:0px auto;margin-top:0;margin-bottom:0;\">\n\t\t\t\t<rs-module id=\"rev_slider_2_1\" style=\"\" data-version=\"6.5.31\">\n\t\t\t\t\t<rs-slides>\n\t\t\t\t\t\t<rs-slide style=\"position: absolute;\" data-key=\"rs-4\" data-title=\"Slide\" data-in=\"o:1;y:-100%;\" data-out=\"a:false;\">\n\t\t\t\t\t\t\t<img decoding=\"async\" src=\"\/\/acaragro.com.tr\/wp-content\/plugins\/revslider\/public\/assets\/assets\/dummy.png\" alt=\"\" title=\"acar-slider-x2\" width=\"1894\" height=\"637\" class=\"rev-slidebg tp-rs-img rs-lazyload\" data-lazyload=\"\/\/acaragro.com.tr\/wp-content\/uploads\/2022\/10\/acar-slider-x2.jpg\" data-no-retina>\n<!---->\t\t\t\t\t\t<\/rs-slide>\n\t\t\t\t\t<\/rs-slides>\n\t\t\t\t<\/rs-module>\n\t\t\t\t<script>\n\t\t\t\t\tsetREVStartSize({c: 'rev_slider_2_1',rl:[1240,1024,778,480],el:[637,952,960,800],gw:[1024,1024,778,480],gh:[637,952,960,800],type:'standard',justify:'',layout:'fullwidth',mh:\"0\"});if (window.RS_MODULES!==undefined && window.RS_MODULES.modules!==undefined && window.RS_MODULES.modules[\"revslider21\"]!==undefined) {window.RS_MODULES.modules[\"revslider21\"].once = false;window.revapi2 = undefined;if (window.RS_MODULES.checkMinimal!==undefined) window.RS_MODULES.checkMinimal()}\n\t\t\t\t<\/script>\n\t\t\t<\/rs-module-wrap>\n\t\t\t<!-- END REVOLUTION SLIDER -->\n[\/vc_column][\/vc_row][vc_row full_width=&#8221;stretch_row&#8221;][vc_column]\r\n\t<div class=\"agrikole-spacer clearfix\" data-desktop=\"50\" data-mobi=\"30\" data-smobi=\"30\"><\/div><div class=\"agrikole-headings clearfix text-center\" data-font=70 data-mfont=60 style=\"\"><h2 class=\"heading clearfix \" style=\"line-height:70px;font-size:70px;\">\r\n\t\t\u00dcr\u00fcnlerimiz\r\n\t<\/h2><div class=\"sep clearfix\" style=\"margin:5px 0 0;\">\r\n\t\t\t\t<img decoding=\"async\" alt=\"image\" src=\"https:\/\/acaragro.com.tr\/wp-content\/uploads\/2020\/01\/separator.png\">\r\n\t\t\t<\/div><\/div>\r\n\t<div class=\"agrikole-spacer clearfix\" data-desktop=\"56\" data-mobi=\"20\" data-smobi=\"20\"><\/div><div class=\"agrikole-grid-box clearfix grid4 border-light v-30 h-15 no-border-wrap\" data-grid=\"4\" >\r\n\t\t<div class=\"agrikole-image-box clearfix style-1 text-center\" style=\"\" >\r\n        <div class=\"item\">\r\n            <div class=\"inner\">\r\n                <div class=\"thumb\" style=\"border-radius:105px; overflow:hidden;width:210px;margin: 0 auto;\"> <img loading=\"lazy\" decoding=\"async\" width=\"400\" height=\"400\" src=\"https:\/\/acaragro.com.tr\/wp-content\/uploads\/2022\/10\/limon-acaragro.jpg\" class=\"attachment-full size-full\" alt=\"\" srcset=\"https:\/\/acaragro.com.tr\/wp-content\/uploads\/2022\/10\/limon-acaragro.jpg 400w, https:\/\/acaragro.com.tr\/wp-content\/uploads\/2022\/10\/limon-acaragro-300x300.jpg 300w, https:\/\/acaragro.com.tr\/wp-content\/uploads\/2022\/10\/limon-acaragro-150x150.jpg 150w, https:\/\/acaragro.com.tr\/wp-content\/uploads\/2022\/10\/limon-acaragro-370x370.jpg 370w, https:\/\/acaragro.com.tr\/wp-content\/uploads\/2022\/10\/limon-acaragro-140x140.jpg 140w, https:\/\/acaragro.com.tr\/wp-content\/uploads\/2022\/10\/limon-acaragro-100x100.jpg 100w\" sizes=\"auto, (max-width: 400px) 100vw, 400px\" \/><\/div>\r\n                <div class=\"text-wrap \" style=\"\">\r\n                    <h3 class=\"title\" style=\"font-weight:700;font-size:30px;line-height:34px;margin-top:26px;\">\r\n        Limon\r\n    <\/h3>  \r\n                <\/div>\r\n            <\/div>\r\n        <\/div>\r\n    <\/div><div class=\"agrikole-image-box clearfix style-1 text-center\" style=\"\" >\r\n        <div class=\"item\">\r\n            <div class=\"inner\">\r\n                <div class=\"thumb\" style=\"border-radius:105px; overflow:hidden;width:210px;margin: 0 auto;\"> <img loading=\"lazy\" decoding=\"async\" width=\"400\" height=\"400\" src=\"https:\/\/acaragro.com.tr\/wp-content\/uploads\/2022\/10\/portakal-urun.jpg\" class=\"attachment-full size-full\" alt=\"\" srcset=\"https:\/\/acaragro.com.tr\/wp-content\/uploads\/2022\/10\/portakal-urun.jpg 400w, https:\/\/acaragro.com.tr\/wp-content\/uploads\/2022\/10\/portakal-urun-300x300.jpg 300w, https:\/\/acaragro.com.tr\/wp-content\/uploads\/2022\/10\/portakal-urun-150x150.jpg 150w, https:\/\/acaragro.com.tr\/wp-content\/uploads\/2022\/10\/portakal-urun-370x370.jpg 370w, https:\/\/acaragro.com.tr\/wp-content\/uploads\/2022\/10\/portakal-urun-140x140.jpg 140w, https:\/\/acaragro.com.tr\/wp-content\/uploads\/2022\/10\/portakal-urun-100x100.jpg 100w\" sizes=\"auto, (max-width: 400px) 100vw, 400px\" \/><\/div>\r\n                <div class=\"text-wrap \" style=\"\">\r\n                    <h3 class=\"title\" style=\"font-weight:700;font-size:30px;line-height:34px;margin-top:26px;\">\r\n        Portakal\r\n    <\/h3>  \r\n                <\/div>\r\n            <\/div>\r\n        <\/div>\r\n    <\/div><div class=\"agrikole-image-box clearfix style-1 text-center\" style=\"\" >\r\n        <div class=\"item\">\r\n            <div class=\"inner\">\r\n                <div class=\"thumb\" style=\"border-radius:105px; overflow:hidden;width:210px;margin: 0 auto;\"> <img loading=\"lazy\" decoding=\"async\" width=\"400\" height=\"400\" src=\"https:\/\/acaragro.com.tr\/wp-content\/uploads\/2022\/10\/mandalin-acar.jpg\" class=\"attachment-full size-full\" alt=\"\" srcset=\"https:\/\/acaragro.com.tr\/wp-content\/uploads\/2022\/10\/mandalin-acar.jpg 400w, https:\/\/acaragro.com.tr\/wp-content\/uploads\/2022\/10\/mandalin-acar-300x300.jpg 300w, https:\/\/acaragro.com.tr\/wp-content\/uploads\/2022\/10\/mandalin-acar-150x150.jpg 150w, https:\/\/acaragro.com.tr\/wp-content\/uploads\/2022\/10\/mandalin-acar-370x370.jpg 370w, https:\/\/acaragro.com.tr\/wp-content\/uploads\/2022\/10\/mandalin-acar-140x140.jpg 140w, https:\/\/acaragro.com.tr\/wp-content\/uploads\/2022\/10\/mandalin-acar-100x100.jpg 100w\" sizes=\"auto, (max-width: 400px) 100vw, 400px\" \/><\/div>\r\n                <div class=\"text-wrap \" style=\"\">\r\n                    <h3 class=\"title\" style=\"font-weight:700;font-size:30px;line-height:34px;margin-top:26px;\">\r\n        Mandalina\r\n    <\/h3>  \r\n                <\/div>\r\n            <\/div>\r\n        <\/div>\r\n    <\/div><div class=\"agrikole-image-box clearfix style-1 text-center\" style=\"\" >\r\n        <div class=\"item\">\r\n            <div class=\"inner\">\r\n                <div class=\"thumb\" style=\"border-radius:105px; overflow:hidden;width:210px;margin: 0 auto;\"> <img loading=\"lazy\" decoding=\"async\" width=\"400\" height=\"400\" src=\"https:\/\/acaragro.com.tr\/wp-content\/uploads\/2022\/10\/grey-urun.jpg\" class=\"attachment-full size-full\" alt=\"\" srcset=\"https:\/\/acaragro.com.tr\/wp-content\/uploads\/2022\/10\/grey-urun.jpg 400w, https:\/\/acaragro.com.tr\/wp-content\/uploads\/2022\/10\/grey-urun-300x300.jpg 300w, https:\/\/acaragro.com.tr\/wp-content\/uploads\/2022\/10\/grey-urun-150x150.jpg 150w, https:\/\/acaragro.com.tr\/wp-content\/uploads\/2022\/10\/grey-urun-370x370.jpg 370w, https:\/\/acaragro.com.tr\/wp-content\/uploads\/2022\/10\/grey-urun-140x140.jpg 140w, https:\/\/acaragro.com.tr\/wp-content\/uploads\/2022\/10\/grey-urun-100x100.jpg 100w\" sizes=\"auto, (max-width: 400px) 100vw, 400px\" \/><\/div>\r\n                <div class=\"text-wrap \" style=\"\">\r\n                    <h3 class=\"title\" style=\"font-weight:700;font-size:30px;line-height:34px;margin-top:26px;\">\r\n        Greyfurt\r\n    <\/h3>  \r\n                <\/div>\r\n            <\/div>\r\n        <\/div>\r\n    <\/div>\n\r\n\t<\/div>\r\n\t<div class=\"agrikole-spacer clearfix\" data-desktop=\"40\" data-mobi=\"20\" data-smobi=\"20\"><\/div><div class=\"agrikole-grid-box clearfix grid4 border-light v-30 h-15 no-border-wrap\" data-grid=\"4\" >\r\n\t\t<div class=\"agrikole-image-box clearfix style-1 text-center\" style=\"\" >\r\n        <div class=\"item\">\r\n            <div class=\"inner\">\r\n                <div class=\"thumb\" style=\"border-radius:105px; overflow:hidden;width:210px;margin: 0 auto;\"> <img loading=\"lazy\" decoding=\"async\" width=\"400\" height=\"400\" src=\"https:\/\/acaragro.com.tr\/wp-content\/uploads\/2022\/10\/nar-urun.jpg\" class=\"attachment-full size-full\" alt=\"\" srcset=\"https:\/\/acaragro.com.tr\/wp-content\/uploads\/2022\/10\/nar-urun.jpg 400w, https:\/\/acaragro.com.tr\/wp-content\/uploads\/2022\/10\/nar-urun-300x300.jpg 300w, https:\/\/acaragro.com.tr\/wp-content\/uploads\/2022\/10\/nar-urun-150x150.jpg 150w, https:\/\/acaragro.com.tr\/wp-content\/uploads\/2022\/10\/nar-urun-370x370.jpg 370w, https:\/\/acaragro.com.tr\/wp-content\/uploads\/2022\/10\/nar-urun-140x140.jpg 140w, https:\/\/acaragro.com.tr\/wp-content\/uploads\/2022\/10\/nar-urun-100x100.jpg 100w\" sizes=\"auto, (max-width: 400px) 100vw, 400px\" \/><\/div>\r\n                <div class=\"text-wrap \" style=\"\">\r\n                    <h3 class=\"title\" style=\"font-weight:700;font-size:30px;line-height:34px;margin-top:26px;\">\r\n        Nar\r\n    <\/h3>  \r\n                <\/div>\r\n            <\/div>\r\n        <\/div>\r\n    <\/div><div class=\"agrikole-image-box clearfix style-1 text-center\" style=\"\" >\r\n        <div class=\"item\">\r\n            <div class=\"inner\">\r\n                <div class=\"thumb\" style=\"border-radius:105px; overflow:hidden;width:210px;margin: 0 auto;\"> <img loading=\"lazy\" decoding=\"async\" width=\"400\" height=\"400\" src=\"https:\/\/acaragro.com.tr\/wp-content\/uploads\/2022\/10\/kavun-urun.jpg\" class=\"attachment-full size-full\" alt=\"\" srcset=\"https:\/\/acaragro.com.tr\/wp-content\/uploads\/2022\/10\/kavun-urun.jpg 400w, https:\/\/acaragro.com.tr\/wp-content\/uploads\/2022\/10\/kavun-urun-300x300.jpg 300w, https:\/\/acaragro.com.tr\/wp-content\/uploads\/2022\/10\/kavun-urun-150x150.jpg 150w, https:\/\/acaragro.com.tr\/wp-content\/uploads\/2022\/10\/kavun-urun-370x370.jpg 370w, https:\/\/acaragro.com.tr\/wp-content\/uploads\/2022\/10\/kavun-urun-140x140.jpg 140w, https:\/\/acaragro.com.tr\/wp-content\/uploads\/2022\/10\/kavun-urun-100x100.jpg 100w\" sizes=\"auto, (max-width: 400px) 100vw, 400px\" \/><\/div>\r\n                <div class=\"text-wrap \" style=\"\">\r\n                    <h3 class=\"title\" style=\"font-weight:700;font-size:30px;line-height:34px;margin-top:26px;\">\r\n        Kavun\r\n    <\/h3>  \r\n                <\/div>\r\n            <\/div>\r\n        <\/div>\r\n    <\/div><div class=\"agrikole-image-box clearfix style-1 text-center\" style=\"\" >\r\n        <div class=\"item\">\r\n            <div class=\"inner\">\r\n                <div class=\"thumb\" style=\"border-radius:105px; overflow:hidden;width:210px;margin: 0 auto;\"> <img loading=\"lazy\" decoding=\"async\" width=\"400\" height=\"400\" src=\"https:\/\/acaragro.com.tr\/wp-content\/uploads\/2022\/10\/karpuz-urun.jpg\" class=\"attachment-full size-full\" alt=\"\" srcset=\"https:\/\/acaragro.com.tr\/wp-content\/uploads\/2022\/10\/karpuz-urun.jpg 400w, https:\/\/acaragro.com.tr\/wp-content\/uploads\/2022\/10\/karpuz-urun-300x300.jpg 300w, https:\/\/acaragro.com.tr\/wp-content\/uploads\/2022\/10\/karpuz-urun-150x150.jpg 150w, https:\/\/acaragro.com.tr\/wp-content\/uploads\/2022\/10\/karpuz-urun-370x370.jpg 370w, https:\/\/acaragro.com.tr\/wp-content\/uploads\/2022\/10\/karpuz-urun-140x140.jpg 140w, https:\/\/acaragro.com.tr\/wp-content\/uploads\/2022\/10\/karpuz-urun-100x100.jpg 100w\" sizes=\"auto, (max-width: 400px) 100vw, 400px\" \/><\/div>\r\n                <div class=\"text-wrap \" style=\"\">\r\n                    <h3 class=\"title\" style=\"font-weight:700;font-size:30px;line-height:34px;margin-top:26px;\">\r\n        \u00c7ekirdeksiz Karpuz\r\n    <\/h3>  \r\n                <\/div>\r\n            <\/div>\r\n        <\/div>\r\n    <\/div><div class=\"agrikole-image-box clearfix style-1 text-center\" style=\"\" >\r\n        <div class=\"item\">\r\n            <div class=\"inner\">\r\n                <div class=\"thumb\" style=\"border-radius:105px; overflow:hidden;width:210px;margin: 0 auto;\"> <img loading=\"lazy\" decoding=\"async\" width=\"400\" height=\"400\" src=\"https:\/\/acaragro.com.tr\/wp-content\/uploads\/2022\/10\/karpuz-urun2.jpg\" class=\"attachment-full size-full\" alt=\"\" srcset=\"https:\/\/acaragro.com.tr\/wp-content\/uploads\/2022\/10\/karpuz-urun2.jpg 400w, https:\/\/acaragro.com.tr\/wp-content\/uploads\/2022\/10\/karpuz-urun2-300x300.jpg 300w, https:\/\/acaragro.com.tr\/wp-content\/uploads\/2022\/10\/karpuz-urun2-150x150.jpg 150w, https:\/\/acaragro.com.tr\/wp-content\/uploads\/2022\/10\/karpuz-urun2-370x370.jpg 370w, https:\/\/acaragro.com.tr\/wp-content\/uploads\/2022\/10\/karpuz-urun2-140x140.jpg 140w, https:\/\/acaragro.com.tr\/wp-content\/uploads\/2022\/10\/karpuz-urun2-100x100.jpg 100w\" sizes=\"auto, (max-width: 400px) 100vw, 400px\" \/><\/div>\r\n                <div class=\"text-wrap \" style=\"\">\r\n                    <h3 class=\"title\" style=\"font-weight:700;font-size:30px;line-height:34px;margin-top:26px;\">\r\n        Karpuz\r\n    <\/h3>  \r\n                <\/div>\r\n            <\/div>\r\n        <\/div>\r\n    <\/div>\n\r\n\t<\/div>\r\n\t<div class=\"agrikole-spacer clearfix\" data-desktop=\"112\" data-mobi=\"20\" data-smobi=\"20\"><\/div>[\/vc_column][\/vc_row][vc_row parallax=&#8221;content-moving&#8221; full_width=&#8221;stretch_row&#8221; css=&#8221;.vc_custom_1666703038749{background-image: url(https:\/\/acaragro.com.tr\/wp-content\/uploads\/2022\/10\/acar-yan2.jpg?id=14552) !important;background-position: center;background-repeat: no-repeat !important;background-size: cover !important;}&#8221;][vc_column]\r\n\t<div class=\"agrikole-spacer clearfix\" data-desktop=\"112\" data-mobi=\"60\" data-smobi=\"60\"><\/div>[vc_row_inner][vc_column_inner width=&#8221;1\/2&#8243;]<div class=\"agrikole-headings clearfix \" data-font=70 data-mfont=60 style=\"\"><div class=\"pre-heading clearfix\" style=\"font-weight:600;color:#5b8c51;font-size:14px;letter-spacing:3px;\">\r\n\t\tLezzeti Do\u011fadan\r\n\t<\/div><h2 class=\"heading clearfix \" style=\"line-height:70px;font-size:70px;\">\r\n\t\tKalitesi Bizden\r\n\t<\/h2><div class=\"sep clearfix\" style=\"margin:5px 0 0;\">\r\n\t\t\t\t<img decoding=\"async\" alt=\"image\" src=\"https:\/\/acaragro.com.tr\/wp-content\/uploads\/2020\/01\/separator.png\">\r\n\t\t\t<\/div><\/div>\r\n\t<div class=\"agrikole-spacer clearfix\" data-desktop=\"45\" data-mobi=\"35\" data-smobi=\"35\"><\/div>[vc_column_text]<\/p>\n<div style=\"max-width: 470px;\">Acar Agro Tar\u0131m \u00dcr\u00fcnleri A.\u015e olarak, her zaman y\u00fcksek kaliteli \u00fcr\u00fcnler, d\u00fczenli tedarik ve rekabet\u00e7i fiyatland\u0131rma ile m\u00fc\u015fterilerimize hizmet vermekten gurur duyuyoruz.<\/div>\n<p>[\/vc_column_text]\r\n\t<div class=\"agrikole-spacer clearfix\" data-desktop=\"50\" data-mobi=\"35\" data-smobi=\"35\"><\/div><div class=\"agrikole-grid-box clearfix grid3 border-light v-10 h-10 no-borders\" data-grid=\"3\" >\r\n\t\t<div class=\"agrikole-content-box clearfix \" data-padding=\"38px\" data-mobipadding=\"38px\" data-margin=\"\" data-mobimargin=\"\" >\r\n\t\t<div class=\"inner ctb-1139126830\" style=\"\"  data-background=\"#ffffff\" data-rounded=\"5px\" data-border-style=\"solid\" data-border-style-hover=\"solid\">\r\n\t\t\t<div class=\"agrikole-icon-box clearfix icon-top align-center  link-hover-accent simple\" style=\"\" ><div class=\"wrap-inner\" style=\"position: relative;\"><div class=\"agrikole-icon icon-687050355 icon-font custom custom\"  data-icon=\"#5b8c51\" data-background=\"\">\r\n\t\t\t<span class=\"icon\" style=\"font-size:64px;width:64px;height:64px;border-style:solid;line-height:64px;\"><i class=\"agri-harvest\"><\/i><\/span>\r\n\t\t<\/div> <div class=\"content-wrap\"><h3 class=\"heading \" style=\"font-size:26px;margin-bottom:6px;\">\r\n\t\t\t<span>Taze<\/span>\r\n\t\t<\/h3><\/div><\/div><\/div>\r\n\t\t<\/div>\r\n\t<\/div><div class=\"agrikole-content-box clearfix \" data-padding=\"38px\" data-mobipadding=\"38px\" data-margin=\"\" data-mobimargin=\"\" >\r\n\t\t<div class=\"inner ctb-18259789\" style=\"\"  data-background=\"#ffffff\" data-rounded=\"5px\" data-border-style=\"solid\" data-shadow=\" 0px 10px 10px 0px rgba(0,0,0,0.05)\" data-border-style-hover=\"solid\">\r\n\t\t\t<div class=\"agrikole-icon-box clearfix icon-top align-center  link-hover-accent simple\" style=\"\" ><div class=\"wrap-inner\" style=\"position: relative;\"><div class=\"agrikole-icon icon-1516870623 icon-font custom custom\"  data-icon=\"#5b8c51\" data-background=\"\">\r\n\t\t\t<span class=\"icon\" style=\"font-size:64px;width:64px;height:64px;border-style:solid;line-height:64px;\"><i class=\"agri-growth\"><\/i><\/span>\r\n\t\t<\/div> <div class=\"content-wrap\"><h3 class=\"heading \" style=\"font-size:26px;margin-bottom:6px;\">\r\n\t\t\t<span>Kaliteli<\/span>\r\n\t\t<\/h3><\/div><\/div><\/div>\r\n\t\t<\/div>\r\n\t<\/div>\n\r\n\t<\/div>[\/vc_column_inner][vc_column_inner width=&#8221;1\/2&#8243;][\/vc_column_inner][\/vc_row_inner]\r\n\t<div class=\"agrikole-spacer clearfix\" data-desktop=\"120\" data-mobi=\"60\" data-smobi=\"60\"><\/div>[\/vc_column][vc_column][\/vc_column][\/vc_row][vc_column][\/vc_column][vc_column_inner width=&#8221;2\/3&#8243; halfbg=&#8221;color&#8221; halfbg_color=&#8221;#5b8c51&#8243; halfbg_rounded=&#8221;0px 5px 0px 0px&#8221;][\/vc_column_inner]<\/p>\n","protected":false},"excerpt":{"rendered":"<p>[vc_row][vc_column][\/vc_column][\/vc_row][vc_row full_width=&#8221;stretch_row&#8221;][vc_column][\/vc_column][\/vc_row][vc_row parallax=&#8221;content-moving&#8221; full_width=&#8221;stretch_row&#8221; css=&#8221;.vc_custom_1666703038749{background-image: url(https:\/\/acaragro.com.tr\/wp-content\/uploads\/2022\/10\/acar-yan2.jpg?id=14552) !important;background-position: center;background-repeat: no-repeat !important;background-size: cover !important;}&#8221;][vc_column][vc_row_inner][vc_column_inner width=&#8221;1\/2&#8243;][vc_column_text] Acar Agro Tar\u0131m \u00dcr\u00fcnleri A.\u015e olarak, her zaman y\u00fcksek kaliteli \u00fcr\u00fcnler, d\u00fczenli tedarik ve rekabet\u00e7i fiyatland\u0131rma ile m\u00fc\u015fterilerimize hizmet vermekten gurur duyuyoruz. [\/vc_column_text][\/vc_column_inner][vc_column_inner width=&#8221;1\/2&#8243;][\/vc_column_inner][\/vc_row_inner][\/vc_column][vc_column][\/vc_column][\/vc_row][vc_column][\/vc_column][vc_column_inner width=&#8221;2\/3&#8243; halfbg=&#8221;color&#8221; halfbg_color=&#8221;#5b8c51&#8243; halfbg_rounded=&#8221;0px 5px 0px 0px&#8221;][\/vc_column_inner]<\/p>\n","protected":false},"author":1,"featured_media":0,"parent":0,"menu_order":0,"comment_status":"closed","ping_status":"closed","template":"","meta":{"footnotes":""},"class_list":["post-13773","page","type-page","status-publish","hentry"],"_links":{"self":[{"href":"https:\/\/acaragro.com.tr\/index.php\/wp-json\/wp\/v2\/pages\/13773","targetHints":{"allow":["GET"]}}],"collection":[{"href":"https:\/\/acaragro.com.tr\/index.php\/wp-json\/wp\/v2\/pages"}],"about":[{"href":"https:\/\/acaragro.com.tr\/index.php\/wp-json\/wp\/v2\/types\/page"}],"author":[{"embeddable":true,"href":"https:\/\/acaragro.com.tr\/index.php\/wp-json\/wp\/v2\/users\/1"}],"replies":[{"embeddable":true,"href":"https:\/\/acaragro.com.tr\/index.php\/wp-json\/wp\/v2\/comments?post=13773"}],"version-history":[{"count":28,"href":"https:\/\/acaragro.com.tr\/index.php\/wp-json\/wp\/v2\/pages\/13773\/revisions"}],"predecessor-version":[{"id":14648,"href":"https:\/\/acaragro.com.tr\/index.php\/wp-json\/wp\/v2\/pages\/13773\/revisions\/14648"}],"wp:attachment":[{"href":"https:\/\/acaragro.com.tr\/index.php\/wp-json\/wp\/v2\/media?parent=13773"}],"curies":[{"name":"wp","href":"https:\/\/api.w.org\/{rel}","templated":true}]}}